{"id":24,"date":"2014-02-01T16:27:03","date_gmt":"2014-02-01T14:27:03","guid":{"rendered":"http:\/\/www.mv-nimburg-bottingen.de\/site\/?page_id=24"},"modified":"2017-11-07T18:45:45","modified_gmt":"2017-11-07T16:45:45","slug":"mitgliedschaft","status":"publish","type":"page","link":"https:\/\/www.mv-nimburg-bottingen.de\/site\/mitgliedschaft\/","title":{"rendered":"Mitgliedschaft"},"content":{"rendered":"<p>Der Musikverein Nimburg-Bottingen freut sich immer wieder \u00fcber neue Mitglieder, die die musikalische Arbeit des Verein unterst\u00fctzen und f\u00f6rdern wollen.<\/p>\n<p>Daf\u00fcr m\u00fcssen sie nur die Beitrittserkl\u00e4rung ausf\u00fcllen und an folgende Adresse schicken:<\/p>\n<p>Sven Mick<br \/>\nLangstra\u00dfe 38<br \/>\n79331 Nimburg<\/p>\n<p><a href=\"http:\/\/www.mv-nimburg-bottingen.de\/site\/wp-content\/uploads\/2016\/05\/MVNB_Beitrittserkl\u00e4rung_2016_web.pdf\" target=\"_blank\">Beitrittserkl\u00e4rung MVNB<\/a><\/p>\n","protected":false},"excerpt":{"rendered":"<p>Der Musikverein Nimburg-Bottingen freut sich immer wieder \u00fcber neue Mitglieder, die die musikalische Arbeit des Verein unterst\u00fctzen und f\u00f6rdern wollen. Daf\u00fcr m\u00fcssen sie nur die Beitrittserkl\u00e4rung ausf\u00fcllen und an folgende Adresse schicken: Sven Mick Langstra\u00dfe 38 79331 Nimburg Beitrittserkl\u00e4rung MVNB<\/p>\n","protected":false},"author":1,"featured_media":0,"parent":0,"menu_order":0,"comment_status":"closed","ping_status":"open","template":"","meta":[],"_links":{"self":[{"href":"https:\/\/www.mv-nimburg-bottingen.de\/site\/wp-json\/wp\/v2\/pages\/24"}],"collection":[{"href":"https:\/\/www.mv-nimburg-bottingen.de\/site\/wp-json\/wp\/v2\/pages"}],"about":[{"href":"https:\/\/www.mv-nimburg-bottingen.de\/site\/wp-json\/wp\/v2\/types\/page"}],"author":[{"embeddable":true,"href":"https:\/\/www.mv-nimburg-bottingen.de\/site\/wp-json\/wp\/v2\/users\/1"}],"replies":[{"embeddable":true,"href":"https:\/\/www.mv-nimburg-bottingen.de\/site\/wp-json\/wp\/v2\/comments?post=24"}],"version-history":[{"count":13,"href":"https:\/\/www.mv-nimburg-bottingen.de\/site\/wp-json\/wp\/v2\/pages\/24\/revisions"}],"predecessor-version":[{"id":957,"href":"https:\/\/www.mv-nimburg-bottingen.de\/site\/wp-json\/wp\/v2\/pages\/24\/revisions\/957"}],"wp:attachment":[{"href":"https:\/\/www.mv-nimburg-bottingen.de\/site\/wp-json\/wp\/v2\/media?parent=24"}],"curies":[{"name":"wp","href":"https:\/\/api.w.org\/{rel}","templated":true}]}}