{"id":77,"date":"2014-02-01T17:03:33","date_gmt":"2014-02-01T15:03:33","guid":{"rendered":"http:\/\/www.mv-nimburg-bottingen.de\/site\/?page_id=77"},"modified":"2022-12-08T21:27:48","modified_gmt":"2022-12-08T19:27:48","slug":"jugendleitung","status":"publish","type":"page","link":"https:\/\/www.mv-nimburg-bottingen.de\/site\/jugendleitung\/","title":{"rendered":"Jugendleitung"},"content":{"rendered":"<p><a href=\"https:\/\/www.mv-nimburg-bottingen.de\/site\/wp-content\/uploads\/2020\/10\/Carola_klein.jpg\"><img loading=\"lazy\" class=\"aligncenter size-medium wp-image-1208\" src=\"https:\/\/www.mv-nimburg-bottingen.de\/site\/wp-content\/uploads\/2020\/10\/Carola_klein-212x300.jpg\" alt=\"\" width=\"212\" height=\"300\" srcset=\"https:\/\/www.mv-nimburg-bottingen.de\/site\/wp-content\/uploads\/2020\/10\/Carola_klein-212x300.jpg 212w, https:\/\/www.mv-nimburg-bottingen.de\/site\/wp-content\/uploads\/2020\/10\/Carola_klein-724x1024.jpg 724w, https:\/\/www.mv-nimburg-bottingen.de\/site\/wp-content\/uploads\/2020\/10\/Carola_klein-768x1086.jpg 768w, https:\/\/www.mv-nimburg-bottingen.de\/site\/wp-content\/uploads\/2020\/10\/Carola_klein.jpg 1061w\" sizes=\"(max-width: 212px) 100vw, 212px\" \/><\/a><br \/>\nUnsere Jugendleiterin Carola Blust k\u00fcmmert sich nicht nur um die musikalischen Aktivit\u00e4ten der Jungmusiker wie z.B. die Jugendprobe und das Musik-Caf\u00e9, sondern organisiert auch au\u00dfermusikalische Aktivit\u00e4ten wie H\u00fcttenwochenenden und Ausfl\u00fcge.<\/p>\n<p>Carola Blust<br \/>\nE-Mail: <a  href=\"javascript:smae_decode('anVnZW5kQG12LW5pbWJ1cmctYm90dGluZ2VuLmRl');\" >&#106;&#117;&#103;&#101;&#110;&#100;&#064;&#109;&#118;&#045;&#110;&#105;&#109;&#098;&#117;&#114;&#103;&#045;&#098;&#111;&#116;&#116;&#105;&#110;&#103;&#101;&#110;&#046;&#100;&#101;<\/a><\/p>\n<p><a href=\"https:\/\/www.mv-nimburg-bottingen.de\/site\/wp-content\/uploads\/2020\/10\/FlyerJugend_komprimiert.pdf\">Flyer zum Download<\/a><\/p>\n","protected":false},"excerpt":{"rendered":"<p>Unsere Jugendleiterin Carola Blust k\u00fcmmert sich nicht nur um die musikalischen Aktivit\u00e4ten der Jungmusiker wie z.B. die Jugendprobe und das Musik-Caf\u00e9, sondern organisiert auch au\u00dfermusikalische Aktivit\u00e4ten wie H\u00fcttenwochenenden und Ausfl\u00fcge. Carola Blust E-Mail: &#106;&#117;&#103;&#101;&#110;&#100;&#064;&#109;&#118;&#045;&#110;&#105;&#109;&#098;&#117;&#114;&#103;&#045;&#098;&#111;&#116;&#116;&#105;&#110;&#103;&#101;&#110;&#046;&#100;&#101; Flyer zum Download<\/p>\n","protected":false},"author":1,"featured_media":0,"parent":0,"menu_order":0,"comment_status":"closed","ping_status":"closed","template":"","meta":[],"_links":{"self":[{"href":"https:\/\/www.mv-nimburg-bottingen.de\/site\/wp-json\/wp\/v2\/pages\/77"}],"collection":[{"href":"https:\/\/www.mv-nimburg-bottingen.de\/site\/wp-json\/wp\/v2\/pages"}],"about":[{"href":"https:\/\/www.mv-nimburg-bottingen.de\/site\/wp-json\/wp\/v2\/types\/page"}],"author":[{"embeddable":true,"href":"https:\/\/www.mv-nimburg-bottingen.de\/site\/wp-json\/wp\/v2\/users\/1"}],"replies":[{"embeddable":true,"href":"https:\/\/www.mv-nimburg-bottingen.de\/site\/wp-json\/wp\/v2\/comments?post=77"}],"version-history":[{"count":17,"href":"https:\/\/www.mv-nimburg-bottingen.de\/site\/wp-json\/wp\/v2\/pages\/77\/revisions"}],"predecessor-version":[{"id":1406,"href":"https:\/\/www.mv-nimburg-bottingen.de\/site\/wp-json\/wp\/v2\/pages\/77\/revisions\/1406"}],"wp:attachment":[{"href":"https:\/\/www.mv-nimburg-bottingen.de\/site\/wp-json\/wp\/v2\/media?parent=77"}],"curies":[{"name":"wp","href":"https:\/\/api.w.org\/{rel}","templated":true}]}}