{"id":79,"date":"2014-02-01T17:04:25","date_gmt":"2014-02-01T15:04:25","guid":{"rendered":"http:\/\/www.mv-nimburg-bottingen.de\/site\/?page_id=79"},"modified":"2020-10-27T22:27:10","modified_gmt":"2020-10-27T20:27:10","slug":"ausbildung","status":"publish","type":"page","link":"https:\/\/www.mv-nimburg-bottingen.de\/site\/ausbildung\/","title":{"rendered":"Ausbildung"},"content":{"rendered":"<p>Die wichtigsten Informationen zur Ausbildung und Jugendarbeit finden Sie in unserem Flyer. <a href=\"https:\/\/www.mv-nimburg-bottingen.de\/site\/wp-content\/uploads\/2020\/10\/FlyerJugend_komprimiert.pdf\">&gt; zum Flyer<\/a><\/p>\n<h2>Musikalische Fr\u00fcherziehung<\/h2>\n<p>Wir bieten musikalische Fr\u00fcherziehung in Form von Blockfl\u00f6tenunterricht an. Hierzu haben wir aktive Musiker in\u00a0 Nimburg und Bottingen, die den Unterricht durchf\u00fchren. Der Blockfl\u00f6tenunterricht dient als Einstieg in die musikalische Ausbildung, ist jedoch nicht zwingend notwendig.<\/p>\n<h2>Ablauf der Ausbildung<\/h2>\n<p>Ausbildungsziel:<br \/>\n\u2022 aktive Mitgliedschaft in der Kapelle<br \/>\n\u2022 Teilnahme an den w\u00f6chentlichen Musikproben (z.Z. freitags)<br \/>\n\u2022 Teilnahme am kulturell-\u00f6ffentl. Geschehen in der Gemeinde<\/p>\n<p>Die Ausbildung erfolgt im Gruppen- und Einzelunterricht. Es wird theoretisches Wissen, praktisches K\u00f6nnen und Instrumentenpflege vermittelt. Die Ausbilder sind qualifiziert und werden vom Verein gestellt.<\/p>\n<p>1. Ausbildung<\/p>\n<p>Eintrittsalter ca. 10 Jahre<br \/>\nDauer ca. 5 Jahre<\/p>\n<p>Eintritt in die Jugendgruppe mit begleitendem Theorieunterricht nach ca. 1 &#8211; 2 Jahren Einzelunterricht (Ziel: JMLA Bronze)<\/p>\n<p>Ablegen des JMLA Bronze nach ca. 2 &#8211; 3 Jahren Einzelunterricht, danach ist das n\u00e4chste Ziel das JMLA Silber.<\/p>\n<p>Sp\u00e4testens mit Bestehen des JMLA Silber oder nach Befinden des Dirigenten oder Ausbilders bzw. Ausbilderin (nach ca. 4 &#8211; 5 Jahren) wird der Z\u00f6gling aktives Mitglied im MV Nimburg &#8211; Bottingen e. V. (MVNB), es besteht\u00a0Anwesenheitspflicht bei Proben und Auftritten oder an anderen Veranstaltungen des Vereins.<\/p>\n<p>2. Anwesenheitspflicht<br \/>\nEs ist darauf zu achten, dass die Z\u00f6glinge regelm\u00e4\u00dfig am Unterricht teilnehmen. Ist dies durch Krankheit o. \u00e4. nicht m\u00f6glich, muss unbedingt eine Entschuldigung (auch telefonisch) beim Ausbilder erfolgen. Anwesenheitspflicht besteht auch bei den Auftritten des MVNB (nach Eintritt in die Jugendgruppe \/ Kapelle). Unentschuldigtes Fehlen bei den Unterrichtsstunden kann der Verein nicht unterst\u00fctzen. Diese Stunden m\u00fcssen von den Eltern voll bezahlt werden.<\/p>\n<h2>Kosten<\/h2>\n<table border=\"1\" width=\"414\" cellspacing=\"0\" cellpadding=\"2\">\n<tbody>\n<tr>\n<th colspan=\"2\" scope=\"col\">Ausbildungskosten und Rabatte:<\/th>\n<\/tr>\n<tr>\n<td width=\"315\">Mindestens ein Elternteil ist Mitglied im MVNB<\/td>\n<td width=\"85\">\u20ac 20\/Jahr<\/td>\n<\/tr>\n<tr>\n<td>Eigenbeteiligung der Z\u00f6glinge\/ Erziehungsberechtigten<\/td>\n<td>\u20ac 60\/Monat<\/td>\n<\/tr>\n<tr>\n<td>Rabatt ab dem zweiten Kind in Ausbildung (ausgenommen Blockfl\u00f6tenunterricht)<\/td>\n<td>\u20ac 5\/Monat<\/td>\n<\/tr>\n<tr>\n<td>Rabatt f\u00fcr Z\u00f6glinge mit eigenem Instrument<\/td>\n<td>\u20ac 15\/Monat<\/td>\n<\/tr>\n<\/tbody>\n<\/table>\n<table border=\"1\" width=\"419\" cellspacing=\"0\" cellpadding=\"2\">\n<tbody>\n<tr>\n<th colspan=\"2\" scope=\"col\">Zus\u00e4tzliche Kosten f\u00fcr den Z\u00f6gling\/ Erziehungsberechtigten:<\/th>\n<\/tr>\n<tr>\n<td width=\"338\">Bl\u00e4serschule und Et\u00fcden (sofort nach Ausbildungsbeginn)<\/td>\n<td width=\"67\">ca. \u20ac 20<\/td>\n<\/tr>\n<tr>\n<td>Theorieschule JMLA Bronze<\/td>\n<td>ca. \u20ac 20<\/td>\n<\/tr>\n<tr>\n<td>Theorieschule JMLA Silber (im Verlauf der Ausbildung)<\/td>\n<td>ca. \u20ac 20<\/td>\n<\/tr>\n<tr>\n<td>Noten- und Instrumentenst\u00e4nder<\/td>\n<td>ca. \u20ac 20<\/td>\n<\/tr>\n<\/tbody>\n<\/table>\n<p>Schulen und Et\u00fcden sowie Theorieschulen gehen in das Eigentum des Z\u00f6glings \u00fcber. Des Weiteren empfehlen wir den Kauf eines Metronom und eines Stimmger\u00e4tes.<\/p>\n","protected":false},"excerpt":{"rendered":"<p>Die wichtigsten Informationen zur Ausbildung und Jugendarbeit finden Sie in unserem Flyer. &gt; zum Flyer Musikalische Fr\u00fcherziehung Wir bieten musikalische Fr\u00fcherziehung in Form von Blockfl\u00f6tenunterricht an. Hierzu haben wir aktive Musiker in\u00a0 Nimburg und Bottingen, die den Unterricht durchf\u00fchren. Der &hellip; <a href=\"https:\/\/www.mv-nimburg-bottingen.de\/site\/ausbildung\/\">Weiterlesen <span class=\"meta-nav\">&rarr;<\/span><\/a><\/p>\n","protected":false},"author":1,"featured_media":0,"parent":0,"menu_order":0,"comment_status":"closed","ping_status":"closed","template":"","meta":[],"_links":{"self":[{"href":"https:\/\/www.mv-nimburg-bottingen.de\/site\/wp-json\/wp\/v2\/pages\/79"}],"collection":[{"href":"https:\/\/www.mv-nimburg-bottingen.de\/site\/wp-json\/wp\/v2\/pages"}],"about":[{"href":"https:\/\/www.mv-nimburg-bottingen.de\/site\/wp-json\/wp\/v2\/types\/page"}],"author":[{"embeddable":true,"href":"https:\/\/www.mv-nimburg-bottingen.de\/site\/wp-json\/wp\/v2\/users\/1"}],"replies":[{"embeddable":true,"href":"https:\/\/www.mv-nimburg-bottingen.de\/site\/wp-json\/wp\/v2\/comments?post=79"}],"version-history":[{"count":8,"href":"https:\/\/www.mv-nimburg-bottingen.de\/site\/wp-json\/wp\/v2\/pages\/79\/revisions"}],"predecessor-version":[{"id":1221,"href":"https:\/\/www.mv-nimburg-bottingen.de\/site\/wp-json\/wp\/v2\/pages\/79\/revisions\/1221"}],"wp:attachment":[{"href":"https:\/\/www.mv-nimburg-bottingen.de\/site\/wp-json\/wp\/v2\/media?parent=79"}],"curies":[{"name":"wp","href":"https:\/\/api.w.org\/{rel}","templated":true}]}}